{"id":1647,"date":"2021-03-19T18:36:58","date_gmt":"2021-03-19T18:36:58","guid":{"rendered":"https:\/\/rechercheundberatung.de\/imprint\/"},"modified":"2022-04-06T11:51:22","modified_gmt":"2022-04-06T11:51:22","slug":"imprint","status":"publish","type":"page","link":"https:\/\/rechercheundberatung.de\/en\/imprint\/","title":{"rendered":"Imprint"},"content":{"rendered":"\t\t<div data-elementor-type=\"wp-page\" data-elementor-id=\"1647\" class=\"elementor elementor-1647 elementor-15\" data-elementor-post-type=\"page\">\n\t\t\t\t\t\t<section class=\"elementor-section elementor-top-section elementor-element elementor-element-30a9290 elementor-section-boxed elementor-section-height-default elementor-section-height-default\" data-id=\"30a9290\" data-element_type=\"section\" data-settings=\"{&quot;jet_parallax_layout_list&quot;:[]}\">\n\t\t\t\t\t\t<div class=\"elementor-container elementor-column-gap-default\">\n\t\t\t\t\t<div class=\"elementor-column elementor-col-100 elementor-top-column elementor-element elementor-element-ddf9de6\" data-id=\"ddf9de6\" data-element_type=\"column\">\n\t\t\t<div class=\"elementor-widget-wrap elementor-element-populated\">\n\t\t\t\t\t\t<div class=\"elementor-element elementor-element-319bd74 elementor-widget elementor-widget-heading\" data-id=\"319bd74\" data-element_type=\"widget\" data-widget_type=\"heading.default\">\n\t\t\t\t<div class=\"elementor-widget-container\">\n\t\t\t\t\t<h4 class=\"elementor-heading-title elementor-size-default\">Imprint<\/h4>\t\t\t\t<\/div>\n\t\t\t\t<\/div>\n\t\t\t\t<div class=\"elementor-element elementor-element-865a652 elementor-widget elementor-widget-text-editor\" data-id=\"865a652\" data-element_type=\"widget\" data-widget_type=\"text-editor.default\">\n\t\t\t\t<div class=\"elementor-widget-container\">\n\t\t\t\t\t\t\t\t\t<p>Legal<\/p>\t\t\t\t\t\t\t\t<\/div>\n\t\t\t\t<\/div>\n\t\t\t\t<section class=\"elementor-section elementor-inner-section elementor-element elementor-element-af34ff4 elementor-section-boxed elementor-section-height-default elementor-section-height-default\" data-id=\"af34ff4\" data-element_type=\"section\" data-settings=\"{&quot;jet_parallax_layout_list&quot;:[]}\">\n\t\t\t\t\t\t<div class=\"elementor-container elementor-column-gap-default\">\n\t\t\t\t\t<div class=\"elementor-column elementor-col-100 elementor-inner-column elementor-element elementor-element-bfc98e8\" data-id=\"bfc98e8\" data-element_type=\"column\">\n\t\t\t<div class=\"elementor-widget-wrap elementor-element-populated\">\n\t\t\t\t\t\t<div class=\"elementor-element elementor-element-ddd63a3 elementor-widget elementor-widget-image\" data-id=\"ddd63a3\" data-element_type=\"widget\" data-widget_type=\"image.default\">\n\t\t\t\t<div class=\"elementor-widget-container\">\n\t\t\t\t\t\t\t\t\t\t\t\t\t\t\t<img fetchpriority=\"high\" decoding=\"async\" width=\"350\" height=\"250\" src=\"https:\/\/rechercheundberatung.de\/wp-content\/uploads\/2021\/03\/cropped-Recherche_Logo_2017_transparent.png\" class=\"attachment-large size-large wp-image-63\" alt=\"\" srcset=\"https:\/\/rechercheundberatung.de\/wp-content\/uploads\/2021\/03\/cropped-Recherche_Logo_2017_transparent.png 350w, https:\/\/rechercheundberatung.de\/wp-content\/uploads\/2021\/03\/cropped-Recherche_Logo_2017_transparent-300x214.png 300w\" sizes=\"100vw\" \/>\t\t\t\t\t\t\t\t\t\t\t\t\t\t\t<\/div>\n\t\t\t\t<\/div>\n\t\t\t\t<div class=\"elementor-element elementor-element-4de2103 elementor-widget elementor-widget-text-editor\" data-id=\"4de2103\" data-element_type=\"widget\" data-widget_type=\"text-editor.default\">\n\t\t\t\t<div class=\"elementor-widget-container\">\n\t\t\t\t\t\t\t\t\t<strong>Recherche und Beratung &#8211; Henrik Schreiber<\/strong>\n<p>\nM\u00f6nchhofstra\u00dfe 3<br>\nD-69120 Heidelberg\n<\/p>\n\n<p>\n<b>VAT ID<\/b><br>\ngem\u00e4\u00df \u00a7 27 a Umsatzsteuergesetz: DE 198388039\n<\/p>\t\t\t\t\t\t\t\t<\/div>\n\t\t\t\t<\/div>\n\t\t\t\t<div class=\"elementor-element elementor-element-9141001 elementor-widget elementor-widget-heading\" data-id=\"9141001\" data-element_type=\"widget\" data-widget_type=\"heading.default\">\n\t\t\t\t<div class=\"elementor-widget-container\">\n\t\t\t\t\t<h2 class=\"elementor-heading-title elementor-size-default\">Disclaimer<\/h2>\t\t\t\t<\/div>\n\t\t\t\t<\/div>\n\t\t\t\t<div class=\"elementor-element elementor-element-98b1a5f elementor-widget elementor-widget-text-editor\" data-id=\"98b1a5f\" data-element_type=\"widget\" data-widget_type=\"text-editor.default\">\n\t\t\t\t<div class=\"elementor-widget-container\">\n\t\t\t\t\t\t\t\t\tNo liability is assumed for the content of external links. The operators of the linked pages are solely responsible for their content.\t\t\t\t\t\t\t\t<\/div>\n\t\t\t\t<\/div>\n\t\t\t\t<div class=\"elementor-element elementor-element-f25ecc6 elementor-widget elementor-widget-heading\" data-id=\"f25ecc6\" data-element_type=\"widget\" data-widget_type=\"heading.default\">\n\t\t\t\t<div class=\"elementor-widget-container\">\n\t\t\t\t\t<h2 class=\"elementor-heading-title elementor-size-default\">Copyright notices<\/h2>\t\t\t\t<\/div>\n\t\t\t\t<\/div>\n\t\t\t\t<div class=\"elementor-element elementor-element-8cdfce1 elementor-widget elementor-widget-text-editor\" data-id=\"8cdfce1\" data-element_type=\"widget\" data-widget_type=\"text-editor.default\">\n\t\t\t\t<div class=\"elementor-widget-container\">\n\t\t\t\t\t\t\t\t\tiStockphoto LP, Suite 200 \u2013 1240 20th Ave SE\r\nCalgary, Alberta T2G 1M8 Canada\r\nImages from Pexels: Free for personal and commercial use; No attribution required\r\nImages by Rawpixel: Free for personal and commercial use; No attribution required\r\n\t\t\t\t\t\t\t\t<\/div>\n\t\t\t\t<\/div>\n\t\t\t\t\t<\/div>\n\t\t<\/div>\n\t\t\t\t\t<\/div>\n\t\t<\/section>\n\t\t\t\t\t<\/div>\n\t\t<\/div>\n\t\t\t\t\t<\/div>\n\t\t<\/section>\n\t\t\t\t<\/div>\n\t\t","protected":false},"excerpt":{"rendered":"<p>Imprint Legal Recherche und Beratung &#8211; Henrik Schreiber M\u00f6nchhofstra\u00dfe 3 D-69120 Heidelberg VAT ID gem\u00e4\u00df \u00a7 27 a Umsatzsteuergesetz: DE 198388039 Disclaimer No liability is assumed for the content of external links. The operators of the linked pages are solely responsible for their content. Copyright notices iStockphoto LP, Suite 200 \u2013 1240 20th Ave SE &hellip; <\/p>\n<p class=\"link-more\"><a href=\"https:\/\/rechercheundberatung.de\/en\/imprint\/\" class=\"more-link\">Continue reading<span class=\"screen-reader-text\"> &#8220;Imprint&#8221;<\/span><\/a><\/p>\n","protected":false},"author":2,"featured_media":0,"parent":0,"menu_order":9,"comment_status":"closed","ping_status":"closed","template":"elementor_header_footer","meta":{"footnotes":""},"class_list":["post-1647","page","type-page","status-publish","hentry"],"_links":{"self":[{"href":"https:\/\/rechercheundberatung.de\/en\/wp-json\/wp\/v2\/pages\/1647","targetHints":{"allow":["GET"]}}],"collection":[{"href":"https:\/\/rechercheundberatung.de\/en\/wp-json\/wp\/v2\/pages"}],"about":[{"href":"https:\/\/rechercheundberatung.de\/en\/wp-json\/wp\/v2\/types\/page"}],"author":[{"embeddable":true,"href":"https:\/\/rechercheundberatung.de\/en\/wp-json\/wp\/v2\/users\/2"}],"replies":[{"embeddable":true,"href":"https:\/\/rechercheundberatung.de\/en\/wp-json\/wp\/v2\/comments?post=1647"}],"version-history":[{"count":4,"href":"https:\/\/rechercheundberatung.de\/en\/wp-json\/wp\/v2\/pages\/1647\/revisions"}],"predecessor-version":[{"id":1753,"href":"https:\/\/rechercheundberatung.de\/en\/wp-json\/wp\/v2\/pages\/1647\/revisions\/1753"}],"wp:attachment":[{"href":"https:\/\/rechercheundberatung.de\/en\/wp-json\/wp\/v2\/media?parent=1647"}],"curies":[{"name":"wp","href":"https:\/\/api.w.org\/{rel}","templated":true}]}}