{"id":1810,"date":"2021-04-12T15:58:00","date_gmt":"2021-04-12T15:58:00","guid":{"rendered":"https:\/\/rechercheundberatung.de\/%ec%86%8c%ec%8b%9d\/"},"modified":"2024-07-10T11:02:44","modified_gmt":"2024-07-10T11:02:44","slug":"%ec%86%8c%ec%8b%9d","status":"publish","type":"page","link":"https:\/\/rechercheundberatung.de\/ko\/%ec%86%8c%ec%8b%9d\/","title":{"rendered":"\uc18c\uc2dd"},"content":{"rendered":"\t\t<div data-elementor-type=\"wp-page\" data-elementor-id=\"1810\" class=\"elementor elementor-1810 elementor-833\" data-elementor-post-type=\"page\">\n\t\t\t\t\t\t<section class=\"elementor-section elementor-top-section elementor-element elementor-element-d80c94f elementor-section-boxed elementor-section-height-default elementor-section-height-default\" data-id=\"d80c94f\" data-element_type=\"section\" data-settings=\"{&quot;jet_parallax_layout_list&quot;:[]}\">\n\t\t\t\t\t\t<div class=\"elementor-container elementor-column-gap-default\">\n\t\t\t\t\t<div class=\"elementor-column elementor-col-100 elementor-top-column elementor-element elementor-element-0fdd10c\" data-id=\"0fdd10c\" data-element_type=\"column\">\n\t\t\t<div class=\"elementor-widget-wrap elementor-element-populated\">\n\t\t\t\t\t\t<div class=\"elementor-element elementor-element-1f761da elementor-widget elementor-widget-heading\" data-id=\"1f761da\" data-element_type=\"widget\" data-widget_type=\"heading.default\">\n\t\t\t\t<div class=\"elementor-widget-container\">\n\t\t\t\t\t<h4 class=\"elementor-heading-title elementor-size-default\">Aktuelles<\/h4>\t\t\t\t<\/div>\n\t\t\t\t<\/div>\n\t\t\t\t<div class=\"elementor-element elementor-element-f2cd5c7 elementor-widget elementor-widget-text-editor\" data-id=\"f2cd5c7\" data-element_type=\"widget\" data-widget_type=\"text-editor.default\">\n\t\t\t\t<div class=\"elementor-widget-container\">\n\t\t\t\t\t\t\t\t\t<p>Wie in allen Wirtschaftszweigen k\u00f6nnen wir nicht vorhersehen, wann wir wieder als Aussteller auf Messen f\u00fcr Sie verf\u00fcgbar sind.<\/p>\n<p>Wir werden vorraussichtlich an der <strong>PATINFO2022<\/strong> teilnehmen.<\/p>\n<p>Das <strong>44. Kolloquium der Technischen Universit\u00e4t Ilmenau<\/strong> zum Thema\u00a0<strong>Internationalisierung und Digitalisierung der IP-Welt<\/strong>\u00a0findet\u00a0<strong>vom 22. bis 24. Juni 2022<\/strong> im CongressCentrum Suhl statt.<\/p>\n\t\t\t\t\t\t\t\t<\/div>\n\t\t\t\t<\/div>\n\t\t\t\t<div class=\"elementor-element elementor-element-b0175ce elementor-widget elementor-widget-text-editor\" data-id=\"b0175ce\" data-element_type=\"widget\" data-widget_type=\"text-editor.default\">\n\t\t\t\t<div class=\"elementor-widget-container\">\n\t\t\t\t\t\t\t\t\t<p>Im Moment besch\u00e4ftigen wir uns intern, aber auch im Austausch der PING Deutschsprachige Patent-Informations-Nutzergruppe um aktuelle Themen:<\/p>\n\t\t\t\t\t\t\t\t<\/div>\n\t\t\t\t<\/div>\n\t\t\t\t<div class=\"elementor-element elementor-element-4b515ea elementor-align-left elementor-icon-list--layout-traditional elementor-list-item-link-full_width elementor-widget elementor-widget-icon-list\" data-id=\"4b515ea\" data-element_type=\"widget\" data-widget_type=\"icon-list.default\">\n\t\t\t\t<div class=\"elementor-widget-container\">\n\t\t\t\t\t\t\t<ul class=\"elementor-icon-list-items\">\n\t\t\t\t\t\t\t<li class=\"elementor-icon-list-item\">\n\t\t\t\t\t\t\t\t\t\t<span class=\"elementor-icon-list-text\"><b>W<\/b>ie sieht die zuk\u00fcnftige Recherche aus?<\/span>\n\t\t\t\t\t\t\t\t\t<\/li>\n\t\t\t\t\t\t\t\t<li class=\"elementor-icon-list-item\">\n\t\t\t\t\t\t\t\t\t\t<span class=\"elementor-icon-list-text\"><b>W<\/b>ie wird uns AI zuk\u00fcnftig zur Seite stehen?<\/span>\n\t\t\t\t\t\t\t\t\t<\/li>\n\t\t\t\t\t\t\t\t<li class=\"elementor-icon-list-item\">\n\t\t\t\t\t\t\t\t\t\t<span class=\"elementor-icon-list-text\"><b>W<\/b>elche Datenbanken erweitern Ihre Inhalte oder Ihre Tools?<\/span>\n\t\t\t\t\t\t\t\t\t<\/li>\n\t\t\t\t\t\t\t\t<li class=\"elementor-icon-list-item\">\n\t\t\t\t\t\t\t\t\t\t<span class=\"elementor-icon-list-text\"><b>W<\/b>as k\u00f6nnen wir bei unseren Recherchen stetig optimieren? <\/span>\n\t\t\t\t\t\t\t\t\t<\/li>\n\t\t\t\t\t\t\t\t<li class=\"elementor-icon-list-item\">\n\t\t\t\t\t\t\t\t\t\t<span class=\"elementor-icon-list-text\"><b>W<\/b>ie k\u00f6nnen wir Datenergebnisse aus verschiedenen Datenbanken optimal zusammenf\u00fchren?<\/span>\n\t\t\t\t\t\t\t\t\t<\/li>\n\t\t\t\t\t\t<\/ul>\n\t\t\t\t\t\t<\/div>\n\t\t\t\t<\/div>\n\t\t\t\t<div class=\"elementor-element elementor-element-32cc04e elementor-widget elementor-widget-text-editor\" data-id=\"32cc04e\" data-element_type=\"widget\" data-widget_type=\"text-editor.default\">\n\t\t\t\t<div class=\"elementor-widget-container\">\n\t\t\t\t\t\t\t\t\t<p>Da wir viele Dinge ausprobieren und t\u00e4glich in Datenbanken unterwegs sind, bitten wir auch zu ihren Fragestellungen massgeschneiderte Schulungen als Webinare an.<\/p>\n<p>Sie haben einen neuen jungen Rechercheur eingestellt. Er ist neugierig, unerfahren und muss schnell eingearbeitet werden, die Zeit rennt. Gerne k\u00f6nnen wir zur Seite stehen, in einem interaktiven Webinar, um gerade Einsteiger zu begleiten.<\/p>\n\t\t\t\t\t\t\t\t<\/div>\n\t\t\t\t<\/div>\n\t\t\t\t\t<\/div>\n\t\t<\/div>\n\t\t\t\t\t<\/div>\n\t\t<\/section>\n\t\t\t\t<\/div>\n\t\t","protected":false},"excerpt":{"rendered":"<p>Aktuelles Wie in allen Wirtschaftszweigen k\u00f6nnen wir nicht vorhersehen, wann wir wieder als Aussteller auf Messen f\u00fcr Sie verf\u00fcgbar sind. Wir werden vorraussichtlich an der PATINFO2022 teilnehmen. Das 44. Kolloquium der Technischen Universit\u00e4t Ilmenau zum Thema\u00a0Internationalisierung und Digitalisierung der IP-Welt\u00a0findet\u00a0vom 22. bis 24. Juni 2022 im CongressCentrum Suhl statt. Im Moment besch\u00e4ftigen wir uns intern, &hellip; <\/p>\n<p class=\"link-more\"><a href=\"https:\/\/rechercheundberatung.de\/ko\/%ec%86%8c%ec%8b%9d\/\" class=\"more-link\">\ub354 \ubcf4\uae30<span class=\"screen-reader-text\"> &#8220;\uc18c\uc2dd&#8221;<\/span><\/a><\/p>\n","protected":false},"author":1,"featured_media":0,"parent":0,"menu_order":5,"comment_status":"closed","ping_status":"closed","template":"elementor_header_footer","meta":{"footnotes":""},"class_list":["post-1810","page","type-page","status-publish","hentry"],"_links":{"self":[{"href":"https:\/\/rechercheundberatung.de\/ko\/wp-json\/wp\/v2\/pages\/1810","targetHints":{"allow":["GET"]}}],"collection":[{"href":"https:\/\/rechercheundberatung.de\/ko\/wp-json\/wp\/v2\/pages"}],"about":[{"href":"https:\/\/rechercheundberatung.de\/ko\/wp-json\/wp\/v2\/types\/page"}],"author":[{"embeddable":true,"href":"https:\/\/rechercheundberatung.de\/ko\/wp-json\/wp\/v2\/users\/1"}],"replies":[{"embeddable":true,"href":"https:\/\/rechercheundberatung.de\/ko\/wp-json\/wp\/v2\/comments?post=1810"}],"version-history":[{"count":25,"href":"https:\/\/rechercheundberatung.de\/ko\/wp-json\/wp\/v2\/pages\/1810\/revisions"}],"predecessor-version":[{"id":1923,"href":"https:\/\/rechercheundberatung.de\/ko\/wp-json\/wp\/v2\/pages\/1810\/revisions\/1923"}],"wp:attachment":[{"href":"https:\/\/rechercheundberatung.de\/ko\/wp-json\/wp\/v2\/media?parent=1810"}],"curies":[{"name":"wp","href":"https:\/\/api.w.org\/{rel}","templated":true}]}}